{"id":21,"date":"2026-04-21T18:57:36","date_gmt":"2026-04-21T18:57:36","guid":{"rendered":"https:\/\/ietasanonofredetorobe.edu.co\/website\/?page_id=21"},"modified":"2026-04-21T19:08:16","modified_gmt":"2026-04-21T19:08:16","slug":"contratacion","status":"publish","type":"page","link":"https:\/\/ietasanonofredetorobe.edu.co\/website\/?page_id=21","title":{"rendered":"Contrataci\u00f3n"},"content":{"rendered":"\n<p><strong>INVITACI\u00d3N P\u00daBLICA No. 001<\/strong> &#8211; 20 DE ABRIL DE 2026<\/p>\n\n\n\n<div class=\"wp-block-file\"><object class=\"wp-block-file__embed\" data=\"https:\/\/ietasanonofredetorobe.edu.co\/website\/wp-content\/uploads\/2026\/04\/INVITACION-PUBLICA-001-2026.pdf\" type=\"application\/pdf\" style=\"width:100%;height:260px\" aria-label=\"Incrustado de INVITACION-PUBLICA-001-2026.\"><\/object><a id=\"wp-block-file--media-79317e68-cefa-4eeb-9570-421fca5ef250\" href=\"https:\/\/ietasanonofredetorobe.edu.co\/website\/wp-content\/uploads\/2026\/04\/INVITACION-PUBLICA-001-2026.pdf\">INVITACION-PUBLICA-001-2026<\/a><a href=\"https:\/\/ietasanonofredetorobe.edu.co\/website\/wp-content\/uploads\/2026\/04\/INVITACION-PUBLICA-001-2026.pdf\" class=\"wp-block-file__button wp-element-button\" download aria-describedby=\"wp-block-file--media-79317e68-cefa-4eeb-9570-421fca5ef250\">Descarga<\/a><\/div>\n\n\n\n<p><strong>INVITACI\u00d3N P\u00daBLICA No. 002<\/strong> &#8211; 20 DE ABRIL DE 2026<\/p>\n\n\n\n<div class=\"wp-block-file\"><object class=\"wp-block-file__embed\" data=\"https:\/\/ietasanonofredetorobe.edu.co\/website\/wp-content\/uploads\/2026\/04\/INVITACION-PUBLICA-No.-002-2026.pdf\" type=\"application\/pdf\" style=\"width:100%;height:290px\" aria-label=\"Incrustado de INVITACION-PUBLICA-No.-002-2026.\"><\/object><a id=\"wp-block-file--media-be086ace-91d4-493e-af53-f81627b0f8b7\" href=\"https:\/\/ietasanonofredetorobe.edu.co\/website\/wp-content\/uploads\/2026\/04\/INVITACION-PUBLICA-No.-002-2026.pdf\">INVITACION-PUBLICA-No.-002-2026<\/a><a href=\"https:\/\/ietasanonofredetorobe.edu.co\/website\/wp-content\/uploads\/2026\/04\/INVITACION-PUBLICA-No.-002-2026.pdf\" class=\"wp-block-file__button wp-element-button\" download aria-describedby=\"wp-block-file--media-be086ace-91d4-493e-af53-f81627b0f8b7\">Descarga<\/a><\/div>\n","protected":false},"excerpt":{"rendered":"<p>INVITACI\u00d3N P\u00daBLICA No. 001 &#8211; 20 DE ABRIL DE 2026 INVITACI\u00d3N P\u00daBLICA No. 002 &#8211; 20 DE ABRIL DE 2026<\/p>\n","protected":false},"author":1,"featured_media":0,"parent":0,"menu_order":0,"comment_status":"closed","ping_status":"closed","template":"","meta":[],"_links":{"self":[{"href":"https:\/\/ietasanonofredetorobe.edu.co\/website\/index.php?rest_route=\/wp\/v2\/pages\/21"}],"collection":[{"href":"https:\/\/ietasanonofredetorobe.edu.co\/website\/index.php?rest_route=\/wp\/v2\/pages"}],"about":[{"href":"https:\/\/ietasanonofredetorobe.edu.co\/website\/index.php?rest_route=\/wp\/v2\/types\/page"}],"author":[{"embeddable":true,"href":"https:\/\/ietasanonofredetorobe.edu.co\/website\/index.php?rest_route=\/wp\/v2\/users\/1"}],"replies":[{"embeddable":true,"href":"https:\/\/ietasanonofredetorobe.edu.co\/website\/index.php?rest_route=%2Fwp%2Fv2%2Fcomments&post=21"}],"version-history":[{"count":1,"href":"https:\/\/ietasanonofredetorobe.edu.co\/website\/index.php?rest_route=\/wp\/v2\/pages\/21\/revisions"}],"predecessor-version":[{"id":24,"href":"https:\/\/ietasanonofredetorobe.edu.co\/website\/index.php?rest_route=\/wp\/v2\/pages\/21\/revisions\/24"}],"wp:attachment":[{"href":"https:\/\/ietasanonofredetorobe.edu.co\/website\/index.php?rest_route=%2Fwp%2Fv2%2Fmedia&parent=21"}],"curies":[{"name":"wp","href":"https:\/\/api.w.org\/{rel}","templated":true}]}}